{"id":8,"date":"2021-09-30T12:34:05","date_gmt":"2021-09-30T10:34:05","guid":{"rendered":"http:\/\/news.dziendobrypodatki.pl\/?page_id=8"},"modified":"2021-09-30T14:03:42","modified_gmt":"2021-09-30T12:03:42","slug":"tworz-swoja-witryne-za-pomoca-blokow","status":"publish","type":"page","link":"https:\/\/news.dziendobrypodatki.pl\/","title":{"rendered":"News &#8211; DDP"},"content":{"rendered":"\t\t<div data-elementor-type=\"wp-page\" data-elementor-id=\"8\" class=\"elementor elementor-8\" data-elementor-settings=\"[]\">\n\t\t\t\t\t\t\t<div class=\"elementor-section-wrap\">\n\t\t\t\t\t\t\t<section class=\"elementor-section elementor-top-section elementor-element elementor-element-6c1fdae elementor-section-full_width elementor-section-stretched elementor-section-height-default elementor-section-height-default\" data-id=\"6c1fdae\" data-element_type=\"section\" data-settings=\"{&quot;stretch_section&quot;:&quot;section-stretched&quot;}\">\n\t\t\t\t\t\t<div class=\"elementor-container elementor-column-gap-default\">\n\t\t\t\t\t<div class=\"elementor-column elementor-col-100 elementor-top-column elementor-element elementor-element-5511631\" data-id=\"5511631\" data-element_type=\"column\">\n\t\t\t<div class=\"elementor-widget-wrap elementor-element-populated\">\n\t\t\t\t\t\t\t\t<div class=\"elementor-element elementor-element-74bde89 elementor-widget elementor-widget-image\" data-id=\"74bde89\" data-element_type=\"widget\" data-widget_type=\"image.default\">\n\t\t\t\t<div class=\"elementor-widget-container\">\n\t\t\t\t\t\t\t\t\t\t\t\t\t\t\t<img loading=\"lazy\" decoding=\"async\" width=\"750\" height=\"82\" src=\"https:\/\/news.dziendobrypodatki.pl\/wp-content\/uploads\/2021\/09\/logo-768x84.png\" class=\"attachment-medium_large size-medium_large\" alt=\"\" srcset=\"https:\/\/news.dziendobrypodatki.pl\/wp-content\/uploads\/2021\/09\/logo-768x84.png 768w, https:\/\/news.dziendobrypodatki.pl\/wp-content\/uploads\/2021\/09\/logo-300x33.png 300w, https:\/\/news.dziendobrypodatki.pl\/wp-content\/uploads\/2021\/09\/logo-1024x112.png 1024w, https:\/\/news.dziendobrypodatki.pl\/wp-content\/uploads\/2021\/09\/logo.png 1298w\" sizes=\"auto, (max-width: 750px) 100vw, 750px\" style=\"width:100%;height:10.94%;max-width:1298px\" \/>\t\t\t\t\t\t\t\t\t\t\t\t\t\t\t<\/div>\n\t\t\t\t<\/div>\n\t\t\t\t\t<\/div>\n\t\t<\/div>\n\t\t\t\t\t\t\t<\/div>\n\t\t<\/section>\n\t\t\t\t<section class=\"elementor-section elementor-top-section elementor-element elementor-element-024ff8a elementor-section-boxed elementor-section-height-default elementor-section-height-default\" data-id=\"024ff8a\" data-element_type=\"section\">\n\t\t\t\t\t\t<div class=\"elementor-container elementor-column-gap-default\">\n\t\t\t\t\t<div class=\"elementor-column elementor-col-66 elementor-top-column elementor-element elementor-element-7fcb2b2\" data-id=\"7fcb2b2\" data-element_type=\"column\">\n\t\t\t<div class=\"elementor-widget-wrap elementor-element-populated\">\n\t\t\t\t\t\t\t\t<div class=\"elementor-element elementor-element-1af9b5e elementor-widget elementor-widget-shortcode\" data-id=\"1af9b5e\" data-element_type=\"widget\" data-widget_type=\"shortcode.default\">\n\t\t\t\t<div class=\"elementor-widget-container\">\n\t\t\t\t\t<div class=\"elementor-shortcode\">\n        <div class=\"ml-form-embed\"\n             data-account=\"2547805:z4s4q0y0j5\"\n             data-form=\"2933596:n6d1p4\">\n        <\/div>\n\n<\/div>\n\t\t\t\t<\/div>\n\t\t\t\t<\/div>\n\t\t\t\t\t<\/div>\n\t\t<\/div>\n\t\t\t\t<div class=\"elementor-column elementor-col-33 elementor-top-column elementor-element elementor-element-1567fed\" data-id=\"1567fed\" data-element_type=\"column\">\n\t\t\t<div class=\"elementor-widget-wrap elementor-element-populated\">\n\t\t\t\t\t\t\t\t<div class=\"elementor-element elementor-element-3479868 eael-dual-header-content-align-center elementor-widget elementor-widget-eael-dual-color-header\" data-id=\"3479868\" data-element_type=\"widget\" data-widget_type=\"eael-dual-color-header.default\">\n\t\t\t\t<div class=\"elementor-widget-container\">\n\t\t\t\n\t\t        <div class=\"eael-dual-header\">\n\t\t\t\t<h2 class=\"title\"><span  class=\"lead solid-color\">B\u0105d\u017a z podatkami<\/span> <span> na bie\u017c\u0105co.<\/span><\/h2>\n\t\t\t\t<span class=\"subtext\"><p>Sama esencja. Co wtorek. Prosto na Twoj\u0105\u00a0skrzynk\u0119\u00a0e-mail.<br \/>Do\u0142\u0105cz do 2600+ profesjonalist\u00f3w podatkowych.<\/p><\/span>\n\t\t\t\t<\/div>\n\t\n\t\t\n\t\t\n\t\t\n\t\t\t\t<\/div>\n\t\t\t\t<\/div>\n\t\t\t\t<div class=\"elementor-element elementor-element-17ab46e elementor-widget elementor-widget-image\" data-id=\"17ab46e\" data-element_type=\"widget\" data-widget_type=\"image.default\">\n\t\t\t\t<div class=\"elementor-widget-container\">\n\t\t\t\t\t\t\t\t\t\t\t\t<figure class=\"wp-caption\">\n\t\t\t\t\t\t\t\t\t\t<img loading=\"lazy\" decoding=\"async\" width=\"279\" height=\"533\" src=\"https:\/\/news.dziendobrypodatki.pl\/wp-content\/uploads\/2021\/09\/mail-newsletter.png\" class=\"attachment-full size-full\" alt=\"\" srcset=\"https:\/\/news.dziendobrypodatki.pl\/wp-content\/uploads\/2021\/09\/mail-newsletter.png 279w, https:\/\/news.dziendobrypodatki.pl\/wp-content\/uploads\/2021\/09\/mail-newsletter-157x300.png 157w\" sizes=\"auto, (max-width: 279px) 100vw, 279px\" style=\"width:100%;height:191.04%;max-width:279px\" \/>\t\t\t\t\t\t\t\t\t\t\t<figcaption class=\"widget-image-caption wp-caption-text\">Przyk\u0142adowy e-mail<\/figcaption>\n\t\t\t\t\t\t\t\t\t\t<\/figure>\n\t\t\t\t\t\t\t\t\t<\/div>\n\t\t\t\t<\/div>\n\t\t\t\t\t<\/div>\n\t\t<\/div>\n\t\t\t\t\t\t\t<\/div>\n\t\t<\/section>\n\t\t\t\t<section class=\"elementor-section elementor-top-section elementor-element elementor-element-e31d866 elementor-section-full_width elementor-section-stretched elementor-section-height-default elementor-section-height-default\" data-id=\"e31d866\" data-element_type=\"section\" data-settings=\"{&quot;stretch_section&quot;:&quot;section-stretched&quot;,&quot;background_background&quot;:&quot;classic&quot;}\">\n\t\t\t\t\t\t<div class=\"elementor-container elementor-column-gap-default\">\n\t\t\t\t\t<div class=\"elementor-column elementor-col-100 elementor-top-column elementor-element elementor-element-9702971\" data-id=\"9702971\" data-element_type=\"column\">\n\t\t\t<div class=\"elementor-widget-wrap\">\n\t\t\t\t\t\t\t\t\t<\/div>\n\t\t<\/div>\n\t\t\t\t\t\t\t<\/div>\n\t\t<\/section>\n\t\t\t\t\t\t<\/div>\n\t\t\t\t\t<\/div>\n\t\t","protected":false},"excerpt":{"rendered":"<p>B\u0105d\u017a z podatkami na bie\u017c\u0105co. Sama esencja. Co wtorek. Prosto na Twoj\u0105\u00a0skrzynk\u0119\u00a0e-mail.Do\u0142\u0105cz do 2600+ profesjonalist\u00f3w podatkowych. Przyk\u0142adowy e-mail<\/p>\n","protected":false},"author":1,"featured_media":0,"parent":0,"menu_order":0,"comment_status":"closed","ping_status":"closed","template":"elementor_canvas","meta":{"footnotes":""},"class_list":["post-8","page","type-page","status-publish","hentry","entry"],"_links":{"self":[{"href":"https:\/\/news.dziendobrypodatki.pl\/index.php\/wp-json\/wp\/v2\/pages\/8","targetHints":{"allow":["GET"]}}],"collection":[{"href":"https:\/\/news.dziendobrypodatki.pl\/index.php\/wp-json\/wp\/v2\/pages"}],"about":[{"href":"https:\/\/news.dziendobrypodatki.pl\/index.php\/wp-json\/wp\/v2\/types\/page"}],"author":[{"embeddable":true,"href":"https:\/\/news.dziendobrypodatki.pl\/index.php\/wp-json\/wp\/v2\/users\/1"}],"replies":[{"embeddable":true,"href":"https:\/\/news.dziendobrypodatki.pl\/index.php\/wp-json\/wp\/v2\/comments?post=8"}],"version-history":[{"count":28,"href":"https:\/\/news.dziendobrypodatki.pl\/index.php\/wp-json\/wp\/v2\/pages\/8\/revisions"}],"predecessor-version":[{"id":67,"href":"https:\/\/news.dziendobrypodatki.pl\/index.php\/wp-json\/wp\/v2\/pages\/8\/revisions\/67"}],"wp:attachment":[{"href":"https:\/\/news.dziendobrypodatki.pl\/index.php\/wp-json\/wp\/v2\/media?parent=8"}],"curies":[{"name":"wp","href":"https:\/\/api.w.org\/{rel}","templated":true}]}}